{"id":635,"date":"2017-02-02T14:27:39","date_gmt":"2017-02-02T14:27:39","guid":{"rendered":"http:\/\/test.kriesi.at\/enfold-2017\/?page_id=635"},"modified":"2024-07-05T15:13:20","modified_gmt":"2024-07-05T13:13:20","slug":"faq","status":"publish","type":"page","link":"https:\/\/www.ggap.it\/?page_id=635","title":{"rendered":"FAQ"},"content":{"rendered":"<div id='av_section_1'  class='avia-section av-5cnob-03fa98ba0c53d5a6282df71b04e2db4d main_color avia-section-default avia-no-border-styling  avia-builder-el-0  el_before_av_section  avia-builder-el-first  avia-bg-style-scroll  container_wrap sidebar_right'  ><div class='container av-section-cont-open' ><main  role=\"main\" itemprop=\"mainContentOfPage\"  class='template-page content  av-content-small alpha units'><div class='post-entry post-entry-type-page post-entry-635'><div class='entry-content-wrapper clearfix'>\n\n<style type=\"text\/css\" data-created_by=\"avia_inline_auto\" id=\"style-css-av-lkod7-c6ebfaf5be7d69276990a1b50a220a5c\">\n.flex_column.av-lkod7-c6ebfaf5be7d69276990a1b50a220a5c{\nborder-radius:0px 0px 0px 0px;\n-webkit-border-radius:0px 0px 0px 0px;\n-moz-border-radius:0px 0px 0px 0px;\n}\n<\/style>\n<div class='flex_column av-lkod7-c6ebfaf5be7d69276990a1b50a220a5c av_one_third  avia-builder-el-1  el_before_av_one_third  avia-builder-el-first  first flex_column_div av-zero-column-padding '   ><article  class=\"iconbox iconbox_top av-5wizob-f80420cb1279e5f2cc498d241e65ce4a av-no-box  avia-builder-el-2  avia-builder-el-no-sibling  \"  itemscope=\"itemscope\" itemtype=\"https:\/\/schema.org\/CreativeWork\" ><div class=\"iconbox_content\"><header class=\"entry-content-header\"><div class=\"iconbox_icon heading-color\" aria-hidden='true' data-av_icon='\ue8b9' data-av_iconfont='entypo-fontello'><\/div><h3 class='iconbox_content_title  '  itemprop=\"headline\" >Hai bisogno di supporto ?<\/h3><\/header><div class='iconbox_content_container  '  itemprop=\"text\" ><p>Ti offriamo tutto il supporto necessario per conoscere ed utilizzare al meglio le nostre soluzioni<\/p>\n<\/div><\/div><footer class=\"entry-footer\"><\/footer><\/article><\/div>\n<style type=\"text\/css\" data-created_by=\"avia_inline_auto\" id=\"style-css-av-5oddgj-9ecb29fcfaa7522013ce52e8b4b0b76d\">\n.flex_column.av-5oddgj-9ecb29fcfaa7522013ce52e8b4b0b76d{\nborder-radius:0px 0px 0px 0px;\n-webkit-border-radius:0px 0px 0px 0px;\n-moz-border-radius:0px 0px 0px 0px;\n}\n<\/style>\n<div class='flex_column av-5oddgj-9ecb29fcfaa7522013ce52e8b4b0b76d av_one_third  avia-builder-el-3  el_after_av_one_third  el_before_av_one_third  flex_column_div av-zero-column-padding '   ><article  class=\"iconbox iconbox_top av-5jzhtf-cccfe5d44dc7d9e496d5bb7af943bd2e av-no-box  avia-builder-el-4  avia-builder-el-no-sibling  \"  itemscope=\"itemscope\" itemtype=\"https:\/\/schema.org\/CreativeWork\" ><div class=\"iconbox_content\"><header class=\"entry-content-header\"><div class=\"iconbox_icon heading-color\" aria-hidden='true' data-av_icon='\ue84d' data-av_iconfont='entypo-fontello'><\/div><h3 class='iconbox_content_title  '  itemprop=\"headline\" >Controlla tra le FAQ<\/h3><\/header><div class='iconbox_content_container  '  itemprop=\"text\" ><p>Verifica se riesci a trovare la risposta di cui hai bisogno tra le FAQ presenti in questa sezione del sito<\/p>\n<\/div><\/div><footer class=\"entry-footer\"><\/footer><\/article><\/div>\n<style type=\"text\/css\" data-created_by=\"avia_inline_auto\" id=\"style-css-av-6bjtkz-a205fbc4a50154d216af1a14323f479a\">\n.flex_column.av-6bjtkz-a205fbc4a50154d216af1a14323f479a{\nborder-radius:0px 0px 0px 0px;\n-webkit-border-radius:0px 0px 0px 0px;\n-moz-border-radius:0px 0px 0px 0px;\n}\n<\/style>\n<div class='flex_column av-6bjtkz-a205fbc4a50154d216af1a14323f479a av_one_third  avia-builder-el-5  el_after_av_one_third  avia-builder-el-last  flex_column_div av-zero-column-padding '   ><article  class=\"iconbox iconbox_top av-65bgf7-2acc4e5613902d7a258d5b6c9f9543d4 av-no-box  avia-builder-el-6  avia-builder-el-no-sibling  \"  itemscope=\"itemscope\" itemtype=\"https:\/\/schema.org\/CreativeWork\" ><div class=\"iconbox_content\"><header class=\"entry-content-header\"><div class=\"iconbox_icon heading-color\" aria-hidden='true' data-av_icon='\ue836' data-av_iconfont='entypo-fontello'><\/div><h3 class='iconbox_content_title  '  itemprop=\"headline\" >Contattaci<\/h3><\/header><div class='iconbox_content_container  '  itemprop=\"text\" ><p>Se non hai trovato quello che cercavi o se la risposta che hai trovato non soddisfa pienamente le tue esigenze invia una richiesta al Team di supporto utilizzando il form presente in fondo a questa pagina.<\/p>\n<\/div><\/div><footer class=\"entry-footer\"><\/footer><\/article><\/div>\n\n<\/div><\/div><\/main><!-- close content main element --><\/div><\/div>\n<style type=\"text\/css\" data-created_by=\"avia_inline_auto\" id=\"style-css-av-6xpokr-0edf0184beeb7fc44615709a3d7e5b4a\">\n.avia-section.av-6xpokr-0edf0184beeb7fc44615709a3d7e5b4a{\nbackground-color:#757575;\n}\n.avia-section.av-6xpokr-0edf0184beeb7fc44615709a3d7e5b4a .av-extra-border-element .av-extra-border-inner{\nbackground-color:#757575;\n}\n<\/style>\n<div id='av_section_2'  class='avia-section av-6xpokr-0edf0184beeb7fc44615709a3d7e5b4a main_color avia-section-large avia-no-border-styling  avia-builder-el-7  el_after_av_section  el_before_av_section  avia-bg-style-scroll  av-arrow-down-section container_wrap sidebar_right'  ><div class='container av-section-cont-open' ><div class='template-page content  av-content-small alpha units'><div class='post-entry post-entry-type-page post-entry-635'><div class='entry-content-wrapper clearfix'>\n\n<style type=\"text\/css\" data-created_by=\"avia_inline_auto\" id=\"style-css-av-6s32lf-754cc9fe92555ddcf168b50496d412fd\">\n#top .av-special-heading.av-6s32lf-754cc9fe92555ddcf168b50496d412fd{\npadding-bottom:0px;\ncolor:#ffffff;\nfont-size:40px;\n}\n.av-special-heading.av-6s32lf-754cc9fe92555ddcf168b50496d412fd .special-heading-inner-border{\nborder-color:#ffffff;\n}\n<\/style>\n<div  class='av-special-heading av-6s32lf-754cc9fe92555ddcf168b50496d412fd av-special-heading-h2 custom-color-heading blockquote modern-quote modern-centered  avia-builder-el-8  avia-builder-el-no-sibling  av-inherit-size '><h2 class='av-special-heading-tag '  itemprop=\"headline\"  >FAQ &#8211; Frequently Asked Questions<\/h2><div class='special-heading-border'><div class='special-heading-inner-border'><\/div><\/div><\/div>\n\n<\/div><\/div><\/div><!-- close content main div --><\/div><div class='av-extra-border-element border-extra-arrow-down'><div class='av-extra-border-outer'><div class='av-extra-border-inner'><\/div><\/div><\/div><\/div>\n<style type=\"text\/css\" data-created_by=\"avia_inline_auto\" id=\"style-css-av-5fzs7f-bef56d993c25040e7e50f94464198413\">\n.avia-section.av-5fzs7f-bef56d993c25040e7e50f94464198413{\nbackground-color:#f8f8f8;\n}\n.avia-section.av-5fzs7f-bef56d993c25040e7e50f94464198413 .av-extra-border-element .av-extra-border-inner{\nbackground-color:#f8f8f8;\n}\n<\/style>\n<div id='av_section_3'  class='avia-section av-5fzs7f-bef56d993c25040e7e50f94464198413 main_color avia-section-large avia-no-border-styling  avia-builder-el-9  el_after_av_section  el_before_av_section  avia-bg-style-scroll  av-arrow-down-section container_wrap sidebar_right'  ><div class='container av-section-cont-open' ><div class='template-page content  av-content-small alpha units'><div class='post-entry post-entry-type-page post-entry-635'><div class='entry-content-wrapper clearfix'>\n<div class='flex_column av-57bv1f-a3a41ec8fbf6d55e6206031a3c705bbf av_one_half  avia-builder-el-10  el_before_av_one_half  avia-builder-el-first  first flex_column_div '   ><p>\n<style type=\"text\/css\" data-created_by=\"avia_inline_auto\" id=\"style-css-av-5000kz-089dc157a304970bb07d02d97d3ec375\">\n#top .av-special-heading.av-5000kz-089dc157a304970bb07d02d97d3ec375{\npadding-bottom:40px;\nfont-size:30px;\n}\n<\/style>\n<div  class='av-special-heading av-5000kz-089dc157a304970bb07d02d97d3ec375 av-special-heading-h2 blockquote modern-quote  avia-builder-el-11  el_before_av_textblock  avia-builder-el-first  av-inherit-size '><h2 class='av-special-heading-tag '  itemprop=\"headline\"  >Controlla nel nostro archivio<\/h2><div class='special-heading-border'><div class='special-heading-inner-border'><\/div><\/div><\/div><br \/>\n<section  class='av_textblock_section av-4x7d4j-c055f13311b6ac46717e9a612a7752a1 '  itemscope=\"itemscope\" itemtype=\"https:\/\/schema.org\/CreativeWork\" ><div class='avia_textblock '  itemprop=\"text\" ><h4><\/h4>\n<h4>Una Knowledge base per GGAP<\/h4>\n<p><span class='av_dropcap1 av-av_dropcap1-3cd9da5fea0ef5fb27aee617571c39a3'>I<\/span>n questa sezione troverai una raccolta, ben organizzata e strutturata, delle domande che ci vengono rivolte pi\u00f9 spesso sul funzionamento della piattaforma e su tutti gli argomenti che in un modo o nell&#8217;altro possono condizionarne l&#8217;utilizzo.<\/p>\n<p><span class='av_dropcap1 av-av_dropcap1-3cd9da5fea0ef5fb27aee617571c39a3'>L&#8217;<\/span>obiettivo \u00e8 quello di mettere a disposizione di tutti l&#8217;esperienza maturata in oltre 13 anni di attivit\u00e0 dal nostro Team di consulenza nella convinzione che questo possa portare alla formulazione di nuove domande e risposte e ad ulteriori sviluppi per la piattaforma in modo tale da renderla sempre pi\u00f9 aderente alle esigenze dei clienti.<\/p>\n<div class=\"notranslate\" style=\"all: initial;\"><\/div>\n<\/div><\/section><br \/>\n\n<style type=\"text\/css\" data-created_by=\"avia_inline_auto\" id=\"style-css-av-dg5i3-a608858cf483afdcee0146193aff3d3b\">\n#top .hr.av-dg5i3-a608858cf483afdcee0146193aff3d3b{\nmargin-top:10px;\nmargin-bottom:10px;\n}\n.hr.av-dg5i3-a608858cf483afdcee0146193aff3d3b .hr-inner{\nwidth:50px;\n}\n<\/style>\n<div  class='hr av-dg5i3-a608858cf483afdcee0146193aff3d3b hr-custom  avia-builder-el-13  el_after_av_textblock  el_before_av_textblock  hr-center hr-icon-no '><span class='hr-inner inner-border-av-border-fat'><span class=\"hr-inner-style\"><\/span><\/span><\/div><br \/>\n<section  class='av_textblock_section av-9vm6r-53c2f0dc42ad4df06bac371a6e5bba70 '  itemscope=\"itemscope\" itemtype=\"https:\/\/schema.org\/CreativeWork\" ><div class='avia_textblock '  itemprop=\"text\" ><h4><\/h4>\n<h4>Hai un quesito per noi ?<\/h4>\n<p><span class='av_dropcap1 av-av_dropcap1-3cd9da5fea0ef5fb27aee617571c39a3'>S<\/span>e hai qualche dubbio sulle funzionalit\u00e0 della piattaforma o sugli ultimi aggiornamenti agli obblighi di trasmissione o di pubblicazione imposti dalle normative di riferimento per i singoli moduli verifica se trovi la risposta di cui hai bisogno nel nostro archivio e in caso contrario non esitare a contattarci. Saremo lieti di dar seguito alla tua specifica richiesta e di arricchire in questo modo il nostro Knowledge base GGAP.<\/p>\n<div class=\"notranslate\" style=\"all: initial;\"><\/div>\n<\/div><\/section><\/p><\/div>\n<style type=\"text\/css\" data-created_by=\"avia_inline_auto\" id=\"style-css-av-4ib6nn-c46b628c40a5e34712d7af21b731ecc9\">\n.flex_column.av-4ib6nn-c46b628c40a5e34712d7af21b731ecc9{\nborder-radius:0px 0px 0px 0px;\n-webkit-border-radius:0px 0px 0px 0px;\n-moz-border-radius:0px 0px 0px 0px;\n}\n<\/style>\n<div class='flex_column av-4ib6nn-c46b628c40a5e34712d7af21b731ecc9 av_one_half  avia-builder-el-15  el_after_av_one_half  avia-builder-el-last  flex_column_div av-zero-column-padding '   ><p>\n<style type=\"text\/css\" data-created_by=\"avia_inline_auto\" id=\"style-css-av-4dz98b-6e96cdafdff823ddce0ad79e2e864944\">\n#top .av-special-heading.av-4dz98b-6e96cdafdff823ddce0ad79e2e864944{\npadding-bottom:0px;\nfont-size:30px;\n}\n<\/style>\n<div  class='av-special-heading av-4dz98b-6e96cdafdff823ddce0ad79e2e864944 av-special-heading-h2 blockquote modern-quote  avia-builder-el-16  el_before_av_toggle_container  avia-builder-el-first  av-inherit-size '><h2 class='av-special-heading-tag '  itemprop=\"headline\"  >FAQ<\/h2><div class='special-heading-border'><div class='special-heading-inner-border'><\/div><\/div><\/div><br \/>\n<div  class='togglecontainer av-4aiemr-9427984b2f6d9889805211072d4c88a2  avia-builder-el-17  el_after_av_heading  avia-builder-el-last  ' ><div class='taglist'><a href=\"#\" data-tag=\"{Tutto}\" class=\"activeFilter\">Tutto<\/a><span class='tag-seperator'>\/<\/span><a href=\"#\" data-tag=\"{Costi}\" class=\"\">Costi<\/a><span class='tag-seperator'>\/<\/span><a href=\"#\" data-tag=\"{Offerta}\" class=\"\">Offerta<\/a><span class='tag-seperator'>\/<\/span><a href=\"#\" data-tag=\"{Tempistiche}\" class=\"\">Tempistiche<\/a><span class='tag-seperator'>\/<\/span><\/div>\n<section class='av_toggle_section av-3s1gcz-2fe3fa48434cdd50d413d4eb3636334b'  itemscope=\"itemscope\" itemtype=\"https:\/\/schema.org\/CreativeWork\" ><div role=\"tablist\" class=\"single_toggle\" data-tags=\"{Tutto} {Offerta} \"  ><p data-fake-id='#toggle-id-1' class='toggler   '  itemprop=\"headline\"  role='tab' tabindex='0' aria-controls='toggle-id-1'>Le funzionalit\u00e0 della piattaforma sono offerte esclusivamente in SaaS oppure \u00e8 possibile acquisire la licenza d\u2019uso OnPremises ?<span class=\"toggle_icon\"><span class=\"vert_icon\"><\/span><span class=\"hor_icon\"><\/span><\/span><\/p><div id='toggle-id-1' class='toggle_wrap  '  ><div class='toggle_content invers-color '  itemprop=\"text\" ><p>La piattaforma GGAP viene proposta al mercato sia in modalit\u00e0 SaaS che in modalit\u00e0 On Premises.<\/p>\n<\/div><\/div><\/div><\/section>\n<section class='av_toggle_section av-ky4jxmd3-f51e14ee135b173171bdcf30eee23681'  itemscope=\"itemscope\" itemtype=\"https:\/\/schema.org\/CreativeWork\" ><div role=\"tablist\" class=\"single_toggle\" data-tags=\"{Tutto} {Costi} \"  ><p data-fake-id='#toggle-id-2' class='toggler   '  itemprop=\"headline\"  role='tab' tabindex='0' aria-controls='toggle-id-2'>Quanto costa sottoscrivere i servizi della piattaforma ?<span class=\"toggle_icon\"><span class=\"vert_icon\"><\/span><span class=\"hor_icon\"><\/span><\/span><\/p><div id='toggle-id-2' class='toggle_wrap  '  ><div class='toggle_content invers-color '  itemprop=\"text\" ><p>Il costo della sottoscrizione dei servizi della piattaforma varia in funzione della dimensione della stazione appaltante che li acquista e dei moduli per i quali viene richiesta l&#8217;attivazione. Per avere un&#8217;idea pi\u00f9 precisa di quanto potrebbe costare l&#8217;attivazione delle funzionalit\u00e0 di tuo interesse contattaci utilizzando l&#8217;apposito form presente nel sito.<\/p>\n<\/div><\/div><\/div><\/section>\n<section class='av_toggle_section av-43hcaj-896a5c9d1b338f9040d89ad183b8b74f'  itemscope=\"itemscope\" itemtype=\"https:\/\/schema.org\/CreativeWork\" ><div role=\"tablist\" class=\"single_toggle\" data-tags=\"{Tutto} {Offerta} \"  ><p data-fake-id='#toggle-id-3' class='toggler   '  itemprop=\"headline\"  role='tab' tabindex='0' aria-controls='toggle-id-3'>Come vengono proposti al mercato i moduli della piattaforma ?<span class=\"toggle_icon\"><span class=\"vert_icon\"><\/span><span class=\"hor_icon\"><\/span><\/span><\/p><div id='toggle-id-3' class='toggle_wrap  '  ><div class='toggle_content invers-color '  itemprop=\"text\" ><p>La piattaforma \u00e8 presente nel Mercato Elettronico della Pubblica Amministrazione e pu\u00f2 essere acquistata mediante una specifica procedura di acquisto o, se previsto, mediante un acquisto diretto anche sul MEPA.<\/p>\n<\/div><\/div><\/div><\/section>\n<section class='av_toggle_section av-3tov8z-ecbbe0c51a1654c4c2b1e3630444ea85'  itemscope=\"itemscope\" itemtype=\"https:\/\/schema.org\/CreativeWork\" ><div role=\"tablist\" class=\"single_toggle\" data-tags=\"{Tutto} {Offerta} \"  ><p data-fake-id='#toggle-id-4' class='toggler   '  itemprop=\"headline\"  role='tab' tabindex='0' aria-controls='toggle-id-4'>E\u2019 possibile sottoscrivere i servizi di un solo modulo della piattaforma ?<span class=\"toggle_icon\"><span class=\"vert_icon\"><\/span><span class=\"hor_icon\"><\/span><\/span><\/p><div id='toggle-id-4' class='toggle_wrap  '  ><div class='toggle_content invers-color '  itemprop=\"text\" ><p>Si, \u00e8 possibile sottoscrivere i servizi presenti in un solo modulo della piattaforma ad eccezione del modulo per l&#8217;Amministrazione Trasparente che richiede l&#8217;attivazione anche del Modulo ANAC.<\/p>\n<\/div><\/div><\/div><\/section>\n<section class='av_toggle_section av-3ho96b-10532067faf3eac327e2ebb10b4965a3'  itemscope=\"itemscope\" itemtype=\"https:\/\/schema.org\/CreativeWork\" ><div role=\"tablist\" class=\"single_toggle\" data-tags=\"{Tutto} {Tempistiche} \"  ><p data-fake-id='#toggle-id-5' class='toggler   '  itemprop=\"headline\"  role='tab' tabindex='0' aria-controls='toggle-id-5'>Quali sono le tempistiche di attivazione del servizio ?<span class=\"toggle_icon\"><span class=\"vert_icon\"><\/span><span class=\"hor_icon\"><\/span><\/span><\/p><div id='toggle-id-5' class='toggle_wrap  '  ><div class='toggle_content invers-color '  itemprop=\"text\" ><p>Per l&#8217;utilizzo della piattaforma in modalit\u00e0 SaaS i tempi di attivazione sono estremamente brevi, dell&#8217;ordine dei giorni, mentre per le soluzioni OnPremises \u00e8 necessario concordare anche la modalit\u00e0 di installazione e configurazione dei sistemi che ospiteranno la piattaforma e questo pu\u00f2 rendere l&#8217;attivazioni pi\u00f9 complessa con conseguente incremento dei tempi di attivazione.<\/p>\n<\/div><\/div><\/div><\/section>\n<section class='av_toggle_section av-c8663-6ae095351944bb1f0c3608c6a35f3bd7'  itemscope=\"itemscope\" itemtype=\"https:\/\/schema.org\/CreativeWork\" ><div role=\"tablist\" class=\"single_toggle\" data-tags=\"{Tutto} {Offerta} \"  ><p data-fake-id='#toggle-id-6' class='toggler   '  itemprop=\"headline\"  role='tab' tabindex='0' aria-controls='toggle-id-6'>Che tipo di supporto viene offerto agli utenti ?<span class=\"toggle_icon\"><span class=\"vert_icon\"><\/span><span class=\"hor_icon\"><\/span><\/span><\/p><div id='toggle-id-6' class='toggle_wrap  '  ><div class='toggle_content invers-color '  itemprop=\"text\" ><p>A valle dell&#8217;attivazione del servizio e dell&#8217;erogazione del periodo di formazione previsto gli utenti avranno a disposizione un servizio di supporto raggiungibile mediante un indirizzo di posta elettronica dedicato.<\/p>\n<p>Qualora fosse necessario \u00e8 possibile attivare anche un servizio di supporto telefonico.<\/p>\n<\/div><\/div><\/div><\/section>\n<section class='av_toggle_section av-36cqnf-7581c7b79ffe2a25aeefb63bfd4a887a'  itemscope=\"itemscope\" itemtype=\"https:\/\/schema.org\/CreativeWork\" ><div role=\"tablist\" class=\"single_toggle\" data-tags=\"{Tutto} {Offerta} \"  ><p data-fake-id='#toggle-id-7' class='toggler   '  itemprop=\"headline\"  role='tab' tabindex='0' aria-controls='toggle-id-7'>La piattaforma \u00e8 in grado di recepire tempestivamente tutte le modifiche che vengono apportate alla normativa?<span class=\"toggle_icon\"><span class=\"vert_icon\"><\/span><span class=\"hor_icon\"><\/span><\/span><\/p><div id='toggle-id-7' class='toggle_wrap  '  ><div class='toggle_content invers-color '  itemprop=\"text\" ><p>La piattaforma viene costantemente aggiornata e segue ogni variazione normativa che comporti un impatto, anche minimo, sui sistemi con cui si interfaccia per la trasmissione o la pubblicazione delle informazioni previste dalla normativa.<\/p>\n<\/div><\/div><\/div><\/section>\n<\/div><\/p><\/div><\/div><\/div><\/div><!-- close content main div --><\/div><div class='av-extra-border-element border-extra-arrow-down'><div class='av-extra-border-outer'><div class='av-extra-border-inner'><\/div><\/div><\/div><\/div><div id='av_section_4'  class='avia-section av-1azh8j-35355efb5c430ebb503d877554dd4a27 main_color avia-section-default avia-no-border-styling  avia-builder-el-18  el_after_av_section  avia-builder-el-last  avia-bg-style-scroll  container_wrap sidebar_right'  ><div class='container av-section-cont-open' ><div class='template-page content  av-content-small alpha units'><div class='post-entry post-entry-type-page post-entry-635'><div class='entry-content-wrapper clearfix'>\n<div class='flex_column av-14mz5n-7833963a921a4ab3e4d670206ed94e5a av_one_full  avia-builder-el-19  el_before_av_one_half  avia-builder-el-first  first flex_column_div '   ><p>\n<style type=\"text\/css\" data-created_by=\"avia_inline_auto\" id=\"style-css-av-ky4kde2b-7d14c2a9ce03f8c919a6d19461fb05f2\">\n#top .av-special-heading.av-ky4kde2b-7d14c2a9ce03f8c919a6d19461fb05f2{\npadding-bottom:10px;\n}\n<\/style>\n<div  class='av-special-heading av-ky4kde2b-7d14c2a9ce03f8c919a6d19461fb05f2 av-special-heading-h1 blockquote modern-quote modern-centered  avia-builder-el-20  el_before_av_hr  avia-builder-el-first  '><h1 class='av-special-heading-tag '  itemprop=\"headline\"  >Invia il tuo quesito al Team di supporto<\/h1><div class='special-heading-border'><div class='special-heading-inner-border'><\/div><\/div><\/div><br \/>\n\n<style type=\"text\/css\" data-created_by=\"avia_inline_auto\" id=\"style-css-av-ky4kl3u3-838231f3279a44649415ecc75db1e0ef\">\n#top .hr.av-ky4kl3u3-838231f3279a44649415ecc75db1e0ef{\nmargin-top:30px;\nmargin-bottom:0px;\n}\n.hr.av-ky4kl3u3-838231f3279a44649415ecc75db1e0ef .hr-inner{\nwidth:50px;\n}\n<\/style>\n<div  class='hr av-ky4kl3u3-838231f3279a44649415ecc75db1e0ef hr-custom  avia-builder-el-21  el_after_av_heading  avia-builder-el-last  hr-center hr-icon-no '><span class='hr-inner inner-border-av-border-fat'><span class=\"hr-inner-style\"><\/span><\/span><\/div><\/p><\/div><div class='flex_column av-yudwb-cc0b2484b4891695872aa49b6ff598e8 av_one_half  avia-builder-el-22  el_after_av_one_full  el_before_av_one_half  first flex_column_div column-top-margin'   ><p><section  class='av_textblock_section av-kybpdhmx-52fd2ac480b35d516d2cded17d5ffe4b '  itemscope=\"itemscope\" itemtype=\"https:\/\/schema.org\/CreativeWork\" ><div class='avia_textblock '  itemprop=\"text\" ><\/div><\/section><br \/>\n<section  class='av_textblock_section av-ky4knawk-2c7e3857c30fa3a0415bfc3390653dad '  itemscope=\"itemscope\" itemtype=\"https:\/\/schema.org\/CreativeWork\" ><div class='avia_textblock '  itemprop=\"text\" ><p><span class='av_dropcap1 av-av_dropcap1-3cd9da5fea0ef5fb27aee617571c39a3'>R<\/span>icevere le vostre richieste \u00e8 per noi il modo migliore per arricchire e completare la Knowledge base di GGAP.<br \/>\nCi consente di individuare la risposta migliore ad una specifica esigenza che, molto probabilmente, \u00e8 di interesse anche per altri.<\/p>\n<p>Se la domanda che viene posta ha un livello di ricorrenza adeguato sar\u00e0 inserita e pubblicata insieme alla risposta all&#8217;interno del Knowledge base di GGAP in modo tale che possa essere a disposizione di tutti gli utenti che consultano il nostro sito.<\/p>\n<p>Non esitare a scriverci&#8230; invia il tuo quesito al Team di supporto!!<\/p>\n<\/div><\/section><\/p><\/div><div class='flex_column av-ppbg3-75442e0242e220bbfbadbdc5d308d068 av_one_half  avia-builder-el-25  el_after_av_one_half  avia-builder-el-last  flex_column_div column-top-margin'   ><form action=\"https:\/\/www.ggap.it\/?page_id=635\" method=\"post\"  class=\"avia_ajax_form av-form-labels-hidden   avia-builder-el-26  avia-builder-el-no-sibling   \" data-avia-form-id=\"1\" data-avia-redirect='' ><h3 class=''>Inviaci la tua richiesta<\/h3><fieldset><p class='  first_form  form_element form_fullwidth' id='element_avia_1_1'><label for=\"avia_1_1\">Nominativo <abbr class=\"required\" title=\"richiesto\">*<\/abbr><\/label> <input name=\"avia_1_1\" class=\"text_input is_empty\" type=\"text\" id=\"avia_1_1\" value=\"\"  placeholder='Nominativo*'\/><\/p><p class='  first_form  form_element form_fullwidth' id='element_avia_2_1'><label for=\"avia_2_1\">E-Mail <abbr class=\"required\" title=\"richiesto\">*<\/abbr><\/label> <input name=\"avia_2_1\" class=\"text_input is_email\" type=\"text\" id=\"avia_2_1\" value=\"\"  placeholder='E-Mail*'\/><\/p><p class='  first_form  form_element form_fullwidth' id='element_avia_3_1'><label for=\"avia_3_1\">Oggetto <abbr class=\"required\" title=\"richiesto\">*<\/abbr><\/label> <input name=\"avia_3_1\" class=\"text_input is_empty\" type=\"text\" id=\"avia_3_1\" value=\"\"  placeholder='Oggetto*'\/><\/p><p class='  first_form  form_element form_fullwidth' id='element_avia_4_1'><label for=\"avia_4_1\" class=\"textare_label hidden textare_label_avia_4_1\">Domanda <abbr class=\"required\" title=\"richiesto\">*<\/abbr><\/label><textarea  placeholder='Domanda*' name=\"avia_4_1\" class=\"text_area is_empty\" cols=\"40\" rows=\"7\" id=\"avia_4_1\" ><\/textarea><\/p><p class=\"hidden\"><input type=\"text\" name=\"avia_5_1\" class=\"hidden \" id=\"avia_5_1\" value=\"\" \/><\/p><p class='   form_element form_fullwidth av-last-visible-form-element' id='element_avia_6_1'><span class='value_verifier_label'>2 + 6 = ?<\/span><input name=\"avia_6_1_verifier\" type=\"hidden\" id=\"avia_6_1_verifier\" value=\"531468135\"\/><label for=\"avia_6_1\">Dimostra di essere umano risolvendo l'equazione <abbr class=\"required\" title=\"richiesto\">*<\/abbr><\/label><input name=\"avia_6_1\" class=\"text_input captcha\" type=\"text\" id=\"avia_6_1\" value=\"\"\/><\/p><p class=' av_form_privacy_check av_contact_privacy_check first_form  form_element form_fullwidth' id='element_avia_7_1'><input  name=\"avia_7_1\" class=\"input_checkbox is_empty\" type=\"checkbox\" id=\"avia_7_1\" value=\"true\"\/><label class=\"input_checkbox_label\" for=\"avia_7_1\">Esprimo il consenso al trattamento dei dati. <a href=\"https:\/\/www.ggap.it\/?page_id=3\">Privacy Policy<\/a> <abbr class=\"required\" title=\"richiesto\">*<\/abbr><\/label><\/p><p class=\"form_element \"><input type=\"hidden\" value=\"1\" name=\"avia_generated_form1\" \/><input type=\"submit\" value=\"Invia\" class=\"button\"  data-sending-label=\"Invio\"\/><\/p><\/fieldset><\/form><div id=\"ajaxresponse_1\" class=\"ajaxresponse ajaxresponse_1 hidden\"><\/div><\/div>\n<\/div><\/div><\/div><!-- close content main div --><\/div><\/div><div id='after_section_4'  class='main_color av_default_container_wrap container_wrap sidebar_right'  ><div class='container av-section-cont-open' ><div class='template-page content  av-content-small alpha units'><div class='post-entry post-entry-type-page post-entry-635'><div class='entry-content-wrapper clearfix'><\/p>\n","protected":false},"excerpt":{"rendered":"","protected":false},"author":2,"featured_media":0,"parent":603,"menu_order":0,"comment_status":"closed","ping_status":"closed","template":"","meta":{"footnotes":""},"class_list":["post-635","page","type-page","status-publish","hentry"],"_links":{"self":[{"href":"https:\/\/www.ggap.it\/index.php?rest_route=\/wp\/v2\/pages\/635","targetHints":{"allow":["GET"]}}],"collection":[{"href":"https:\/\/www.ggap.it\/index.php?rest_route=\/wp\/v2\/pages"}],"about":[{"href":"https:\/\/www.ggap.it\/index.php?rest_route=\/wp\/v2\/types\/page"}],"author":[{"embeddable":true,"href":"https:\/\/www.ggap.it\/index.php?rest_route=\/wp\/v2\/users\/2"}],"replies":[{"embeddable":true,"href":"https:\/\/www.ggap.it\/index.php?rest_route=%2Fwp%2Fv2%2Fcomments&post=635"}],"version-history":[{"count":63,"href":"https:\/\/www.ggap.it\/index.php?rest_route=\/wp\/v2\/pages\/635\/revisions"}],"predecessor-version":[{"id":4959,"href":"https:\/\/www.ggap.it\/index.php?rest_route=\/wp\/v2\/pages\/635\/revisions\/4959"}],"up":[{"embeddable":true,"href":"https:\/\/www.ggap.it\/index.php?rest_route=\/wp\/v2\/pages\/603"}],"wp:attachment":[{"href":"https:\/\/www.ggap.it\/index.php?rest_route=%2Fwp%2Fv2%2Fmedia&parent=635"}],"curies":[{"name":"wp","href":"https:\/\/api.w.org\/{rel}","templated":true}]}}